{"id":276,"date":"2019-09-27T20:25:46","date_gmt":"2019-09-27T18:25:46","guid":{"rendered":"http:\/\/wordpress.grundschule-brander-feld.de\/?page_id=276"},"modified":"2020-06-18T14:29:25","modified_gmt":"2020-06-18T12:29:25","slug":"schulschmuecktag","status":"publish","type":"page","link":"http:\/\/www.grundschule-brander-feld.de\/index.php\/schulleben\/projekte\/jahresablauf\/schulschmuecktag\/","title":{"rendered":"Schulschm\u00fccktag"},"content":{"rendered":"\n<figure class=\"wp-block-gallery columns-2 is-cropped wp-block-gallery-1 is-layout-flex wp-block-gallery-is-layout-flex\"><ul class=\"blocks-gallery-grid\"><li class=\"blocks-gallery-item\"><figure><img loading=\"lazy\" decoding=\"async\" width=\"669\" height=\"502\" src=\"http:\/\/wordpress.grundschule-brander-feld.de\/wp-content\/uploads\/2019\/09\/Schulbasteltag.jpg\" alt=\"\" data-id=\"282\" data-link=\"http:\/\/wordpress.grundschule-brander-feld.de\/schulbasteltag\/\" class=\"wp-image-282\" srcset=\"http:\/\/www.grundschule-brander-feld.de\/wp-content\/uploads\/2019\/09\/Schulbasteltag.jpg 669w, http:\/\/www.grundschule-brander-feld.de\/wp-content\/uploads\/2019\/09\/Schulbasteltag-300x225.jpg 300w\" sizes=\"auto, (max-width: 669px) 100vw, 669px\" \/><\/figure><\/li><li class=\"blocks-gallery-item\"><figure><img loading=\"lazy\" decoding=\"async\" width=\"1024\" height=\"768\" src=\"http:\/\/wordpress.grundschule-brander-feld.de\/wp-content\/uploads\/2019\/09\/Dezember-2010-018-1024x768.jpg\" alt=\"\" data-id=\"277\" data-link=\"http:\/\/wordpress.grundschule-brander-feld.de\/dezember-2010-018\/\" class=\"wp-image-277\" srcset=\"http:\/\/www.grundschule-brander-feld.de\/wp-content\/uploads\/2019\/09\/Dezember-2010-018-1024x768.jpg 1024w, http:\/\/www.grundschule-brander-feld.de\/wp-content\/uploads\/2019\/09\/Dezember-2010-018-300x225.jpg 300w, http:\/\/www.grundschule-brander-feld.de\/wp-content\/uploads\/2019\/09\/Dezember-2010-018-768x576.jpg 768w\" sizes=\"auto, (max-width: 767px) 89vw, (max-width: 1000px) 54vw, (max-width: 1071px) 543px, 580px\" \/><\/figure><\/li><\/ul><\/figure>\n\n\n\n<p>\n\nAm Freitag vor dem 1. Advent findet der Schulbasteltag statt. In allen Klassen gibt es unterschiedliche weihnachtliche Bastelangebote. Die Kinder sind sehr eifrig und mit Begeisterung bei der Sache. Mit der Unterst\u00fctzung tatkr\u00e4ftiger Eltern sind Schule und Klassenr\u00e4ume nach diesem Tag herrlich weihnachtlich f\u00fcr die Adventszeit geschm\u00fcckt.\n\n<\/p>\n","protected":false},"excerpt":{"rendered":"<p>Am Freitag vor dem 1. Advent findet der Schulbasteltag statt. In allen Klassen gibt es unterschiedliche weihnachtliche Bastelangebote. Die Kinder sind sehr eifrig und mit Begeisterung bei der Sache. Mit &hellip; <\/p>\n<p class=\"link-more\"><a href=\"http:\/\/www.grundschule-brander-feld.de\/index.php\/schulleben\/projekte\/jahresablauf\/schulschmuecktag\/\" class=\"more-link\"><span class=\"screen-reader-text\">\u201eSchulschm\u00fccktag\u201c<\/span> weiterlesen<\/a><\/p>\n","protected":false},"author":2,"featured_media":0,"parent":253,"menu_order":4,"comment_status":"closed","ping_status":"closed","template":"","meta":{"_EventAllDay":false,"_EventTimezone":"","_EventStartDate":"","_EventEndDate":"","_EventStartDateUTC":"","_EventEndDateUTC":"","_EventShowMap":false,"_EventShowMapLink":false,"_EventURL":"","_EventCost":"","_EventCostDescription":"","_EventCurrencySymbol":"","_EventCurrencyCode":"","_EventCurrencyPosition":"","_EventDateTimeSeparator":"","_EventTimeRangeSeparator":"","_EventOrganizerID":[],"_EventVenueID":[],"_OrganizerEmail":"","_OrganizerPhone":"","_OrganizerWebsite":"","_VenueAddress":"","_VenueCity":"","_VenueCountry":"","_VenueProvince":"","_VenueState":"","_VenueZip":"","_VenuePhone":"","_VenueURL":"","_VenueStateProvince":"","_VenueLat":"","_VenueLng":"","_VenueShowMap":false,"_VenueShowMapLink":false,"footnotes":""},"class_list":["post-276","page","type-page","status-publish","hentry"],"_links":{"self":[{"href":"http:\/\/www.grundschule-brander-feld.de\/index.php\/wp-json\/wp\/v2\/pages\/276","targetHints":{"allow":["GET"]}}],"collection":[{"href":"http:\/\/www.grundschule-brander-feld.de\/index.php\/wp-json\/wp\/v2\/pages"}],"about":[{"href":"http:\/\/www.grundschule-brander-feld.de\/index.php\/wp-json\/wp\/v2\/types\/page"}],"author":[{"embeddable":true,"href":"http:\/\/www.grundschule-brander-feld.de\/index.php\/wp-json\/wp\/v2\/users\/2"}],"replies":[{"embeddable":true,"href":"http:\/\/www.grundschule-brander-feld.de\/index.php\/wp-json\/wp\/v2\/comments?post=276"}],"version-history":[{"count":4,"href":"http:\/\/www.grundschule-brander-feld.de\/index.php\/wp-json\/wp\/v2\/pages\/276\/revisions"}],"predecessor-version":[{"id":822,"href":"http:\/\/www.grundschule-brander-feld.de\/index.php\/wp-json\/wp\/v2\/pages\/276\/revisions\/822"}],"up":[{"embeddable":true,"href":"http:\/\/www.grundschule-brander-feld.de\/index.php\/wp-json\/wp\/v2\/pages\/253"}],"wp:attachment":[{"href":"http:\/\/www.grundschule-brander-feld.de\/index.php\/wp-json\/wp\/v2\/media?parent=276"}],"curies":[{"name":"wp","href":"https:\/\/api.w.org\/{rel}","templated":true}]}}