{"id":272,"date":"2019-09-27T20:16:13","date_gmt":"2019-09-27T18:16:13","guid":{"rendered":"http:\/\/wordpress.grundschule-brander-feld.de\/?page_id=272"},"modified":"2020-06-18T14:28:50","modified_gmt":"2020-06-18T12:28:50","slug":"st-martin","status":"publish","type":"page","link":"http:\/\/www.grundschule-brander-feld.de\/index.php\/schulleben\/projekte\/jahresablauf\/st-martin\/","title":{"rendered":"St. Martin"},"content":{"rendered":"<h1>Ich gehe mit meiner Laterne<\/h1>\n\n\n<figure class=\"wp-block-image\"><img loading=\"lazy\" decoding=\"async\" width=\"1024\" height=\"768\" src=\"http:\/\/wordpress.grundschule-brander-feld.de\/wp-content\/uploads\/2019\/09\/St-Martin-2010-040-1024x768.jpg\" alt=\"\" class=\"wp-image-273\" srcset=\"http:\/\/www.grundschule-brander-feld.de\/wp-content\/uploads\/2019\/09\/St-Martin-2010-040-1024x768.jpg 1024w, http:\/\/www.grundschule-brander-feld.de\/wp-content\/uploads\/2019\/09\/St-Martin-2010-040-300x225.jpg 300w, http:\/\/www.grundschule-brander-feld.de\/wp-content\/uploads\/2019\/09\/St-Martin-2010-040-768x576.jpg 768w\" sizes=\"auto, (max-width: 767px) 89vw, (max-width: 1000px) 54vw, (max-width: 1071px) 543px, 580px\" \/><\/figure>\n\n\n\n<p> Mitte November ziehen alle Kinder unserer Schule stolz mit ihren selbstgebastelten Laternen hinter Sankt Martin auf seinem Pferd her. Die Martinslieder klingen durchs Brander Feld. Nach dem Laternenumzug wird noch am Feuer hinter der Schule gesungen und dann gibt es f\u00fcr alle ein gem\u00fctliches Beisammensein mit Weckm\u00e4nnern, Kinderpunsch und Gl\u00fchwein in der Schule. <\/p>\n","protected":false},"excerpt":{"rendered":"<p>Ich gehe mit meiner Laterne Mitte November ziehen alle Kinder unserer Schule stolz mit ihren selbstgebastelten Laternen hinter Sankt Martin auf seinem Pferd her. Die Martinslieder klingen durchs Brander Feld. &hellip; <\/p>\n<p class=\"link-more\"><a href=\"http:\/\/www.grundschule-brander-feld.de\/index.php\/schulleben\/projekte\/jahresablauf\/st-martin\/\" class=\"more-link\"><span class=\"screen-reader-text\">\u201eSt. Martin\u201c<\/span> weiterlesen<\/a><\/p>\n","protected":false},"author":2,"featured_media":0,"parent":253,"menu_order":3,"comment_status":"closed","ping_status":"closed","template":"","meta":{"_EventAllDay":false,"_EventTimezone":"","_EventStartDate":"","_EventEndDate":"","_EventStartDateUTC":"","_EventEndDateUTC":"","_EventShowMap":false,"_EventShowMapLink":false,"_EventURL":"","_EventCost":"","_EventCostDescription":"","_EventCurrencySymbol":"","_EventCurrencyCode":"","_EventCurrencyPosition":"","_EventDateTimeSeparator":"","_EventTimeRangeSeparator":"","_EventOrganizerID":[],"_EventVenueID":[],"_OrganizerEmail":"","_OrganizerPhone":"","_OrganizerWebsite":"","_VenueAddress":"","_VenueCity":"","_VenueCountry":"","_VenueProvince":"","_VenueState":"","_VenueZip":"","_VenuePhone":"","_VenueURL":"","_VenueStateProvince":"","_VenueLat":"","_VenueLng":"","_VenueShowMap":false,"_VenueShowMapLink":false,"footnotes":""},"class_list":["post-272","page","type-page","status-publish","hentry"],"_links":{"self":[{"href":"http:\/\/www.grundschule-brander-feld.de\/index.php\/wp-json\/wp\/v2\/pages\/272","targetHints":{"allow":["GET"]}}],"collection":[{"href":"http:\/\/www.grundschule-brander-feld.de\/index.php\/wp-json\/wp\/v2\/pages"}],"about":[{"href":"http:\/\/www.grundschule-brander-feld.de\/index.php\/wp-json\/wp\/v2\/types\/page"}],"author":[{"embeddable":true,"href":"http:\/\/www.grundschule-brander-feld.de\/index.php\/wp-json\/wp\/v2\/users\/2"}],"replies":[{"embeddable":true,"href":"http:\/\/www.grundschule-brander-feld.de\/index.php\/wp-json\/wp\/v2\/comments?post=272"}],"version-history":[{"count":1,"href":"http:\/\/www.grundschule-brander-feld.de\/index.php\/wp-json\/wp\/v2\/pages\/272\/revisions"}],"predecessor-version":[{"id":275,"href":"http:\/\/www.grundschule-brander-feld.de\/index.php\/wp-json\/wp\/v2\/pages\/272\/revisions\/275"}],"up":[{"embeddable":true,"href":"http:\/\/www.grundschule-brander-feld.de\/index.php\/wp-json\/wp\/v2\/pages\/253"}],"wp:attachment":[{"href":"http:\/\/www.grundschule-brander-feld.de\/index.php\/wp-json\/wp\/v2\/media?parent=272"}],"curies":[{"name":"wp","href":"https:\/\/api.w.org\/{rel}","templated":true}]}}