{"id":253,"date":"2019-09-27T17:52:52","date_gmt":"2019-09-27T15:52:52","guid":{"rendered":"http:\/\/wordpress.grundschule-brander-feld.de\/?page_id=253"},"modified":"2020-06-18T14:27:39","modified_gmt":"2020-06-18T12:27:39","slug":"jahresablauf","status":"publish","type":"page","link":"http:\/\/www.grundschule-brander-feld.de\/index.php\/schulleben\/projekte\/jahresablauf\/","title":{"rendered":"Jahresablauf"},"content":{"rendered":"<p>Hier geht es weiter zu den j\u00e4hrlichen Aktivit\u00e4ten:<\/p>\n<ul>\n<li><a href=\"http:\/\/wordpress.grundschule-brander-feld.de\/index.php\/schulleben\/projekte\/jahresablauf\/einschulung\/\">Einschulung<\/a><\/li>\n<li><a href=\"http:\/\/wordpress.grundschule-brander-feld.de\/index.php\/schulleben\/projekte\/jahresablauf\/gottesdienste\/\">Gottesdienste<\/a><\/li>\n<li><a href=\"http:\/\/wordpress.grundschule-brander-feld.de\/index.php\/schulleben\/projekte\/jahresablauf\/st-martin\/\">St. Martin<\/a><\/li>\n<li><a href=\"http:\/\/wordpress.grundschule-brander-feld.de\/index.php\/schulleben\/projekte\/jahresablauf\/schulschmuecktag\/\">Schulschm\u00fccktag<\/a><\/li>\n<li><a href=\"http:\/\/wordpress.grundschule-brander-feld.de\/index.php\/schulleben\/projekte\/jahresablauf\/nikolaus\/\">Nikolaus<\/a><\/li>\n<li>Theatervorstellung<\/li>\n<li>Ringvorlesung<\/li>\n<li>Karneval<\/li>\n<li><a href=\"http:\/\/wordpress.grundschule-brander-feld.de\/index.php\/schulleben\/projekte\/jahresablauf\/sportfest\/\">Sportfest<\/a><\/li>\n<li>Abschlussfeier<\/li>\n<li>Montagmorgenkreis<\/li>\n<li>Klassenaktivit\u00e4ten<\/li>\n<\/ul>\n<p>Und hier geht es zu den vierj\u00e4hrigen Gemeinschaftsaktionen:<\/p>\n<ul>\n<li>Zirkus<\/li>\n<li>Projektwoche<\/li>\n<li>Karnevalszug in Brand<\/li>\n<li>Schulfest<\/li>\n<\/ul>\n","protected":false},"excerpt":{"rendered":"<p>Hier geht es weiter zu den j\u00e4hrlichen Aktivit\u00e4ten: Einschulung Gottesdienste St. Martin Schulschm\u00fccktag Nikolaus Theatervorstellung Ringvorlesung Karneval Sportfest Abschlussfeier Montagmorgenkreis Klassenaktivit\u00e4ten Und hier geht es zu den vierj\u00e4hrigen Gemeinschaftsaktionen: Zirkus &hellip; <\/p>\n<p class=\"link-more\"><a href=\"http:\/\/www.grundschule-brander-feld.de\/index.php\/schulleben\/projekte\/jahresablauf\/\" class=\"more-link\"><span class=\"screen-reader-text\">\u201eJahresablauf\u201c<\/span> weiterlesen<\/a><\/p>\n","protected":false},"author":2,"featured_media":0,"parent":84,"menu_order":0,"comment_status":"closed","ping_status":"closed","template":"","meta":{"_EventAllDay":false,"_EventTimezone":"","_EventStartDate":"","_EventEndDate":"","_EventStartDateUTC":"","_EventEndDateUTC":"","_EventShowMap":false,"_EventShowMapLink":false,"_EventURL":"","_EventCost":"","_EventCostDescription":"","_EventCurrencySymbol":"","_EventCurrencyCode":"","_EventCurrencyPosition":"","_EventDateTimeSeparator":"","_EventTimeRangeSeparator":"","_EventOrganizerID":[],"_EventVenueID":[],"_OrganizerEmail":"","_OrganizerPhone":"","_OrganizerWebsite":"","_VenueAddress":"","_VenueCity":"","_VenueCountry":"","_VenueProvince":"","_VenueState":"","_VenueZip":"","_VenuePhone":"","_VenueURL":"","_VenueStateProvince":"","_VenueLat":"","_VenueLng":"","_VenueShowMap":false,"_VenueShowMapLink":false,"footnotes":""},"class_list":["post-253","page","type-page","status-publish","hentry"],"_links":{"self":[{"href":"http:\/\/www.grundschule-brander-feld.de\/index.php\/wp-json\/wp\/v2\/pages\/253","targetHints":{"allow":["GET"]}}],"collection":[{"href":"http:\/\/www.grundschule-brander-feld.de\/index.php\/wp-json\/wp\/v2\/pages"}],"about":[{"href":"http:\/\/www.grundschule-brander-feld.de\/index.php\/wp-json\/wp\/v2\/types\/page"}],"author":[{"embeddable":true,"href":"http:\/\/www.grundschule-brander-feld.de\/index.php\/wp-json\/wp\/v2\/users\/2"}],"replies":[{"embeddable":true,"href":"http:\/\/www.grundschule-brander-feld.de\/index.php\/wp-json\/wp\/v2\/comments?post=253"}],"version-history":[{"count":4,"href":"http:\/\/www.grundschule-brander-feld.de\/index.php\/wp-json\/wp\/v2\/pages\/253\/revisions"}],"predecessor-version":[{"id":470,"href":"http:\/\/www.grundschule-brander-feld.de\/index.php\/wp-json\/wp\/v2\/pages\/253\/revisions\/470"}],"up":[{"embeddable":true,"href":"http:\/\/www.grundschule-brander-feld.de\/index.php\/wp-json\/wp\/v2\/pages\/84"}],"wp:attachment":[{"href":"http:\/\/www.grundschule-brander-feld.de\/index.php\/wp-json\/wp\/v2\/media?parent=253"}],"curies":[{"name":"wp","href":"https:\/\/api.w.org\/{rel}","templated":true}]}}