{"id":1923,"date":"2024-11-21T17:19:05","date_gmt":"2024-11-21T16:19:05","guid":{"rendered":"https:\/\/www.grundschule-brander-feld.de\/?page_id=1923"},"modified":"2025-03-16T21:12:26","modified_gmt":"2025-03-16T20:12:26","slug":"kurse-in-der-ogs","status":"publish","type":"page","link":"http:\/\/www.grundschule-brander-feld.de\/index.php\/kurse-in-der-ogs\/","title":{"rendered":"Kurse in der OGS"},"content":{"rendered":"\n<p>Unser vielf\u00e4ltiges Kursprogramm ist fester Bestandteil der offenen Ganztagsgrundschule. Die Kinder haben immer vor den Herbstferien die M\u00f6glichkeit aus einem abwechslungsreichen Kursprogramm 2 Kurse zu w\u00e4hlen. Die Kurse finden dann im Laufe des Schuljahres \u00fcber Bl\u00f6cke von 8-10 Wochen statt.<\/p>\n\n\n\n<p>Angeboten werden diese sowohl von den p\u00e4dagogischen Mitarbeiter*innen, als auch von unseren langj\u00e4hrigen Kooperationspartnern; dem Verein f\u00fcr Integration und Sport, dem JUB (Jugend- und Begegnungshaus) und dem Stadtsportbund.<\/p>\n\n\n\n<div class=\"wp-block-file\"><a id=\"wp-block-file--media-66ac2c8c-dd7c-477b-aa12-45d5ac0910be\" href=\"https:\/\/www.grundschule-brander-feld.de\/wp-content\/uploads\/2025\/03\/Kursangebote.OGS_.Gesamtuebersicht.docx\">Kursangebote.OGS.Gesamt\u00fcbersicht<\/a><a href=\"https:\/\/www.grundschule-brander-feld.de\/wp-content\/uploads\/2025\/03\/Kursangebote.OGS_.Gesamtuebersicht.docx\" class=\"wp-block-file__button wp-element-button\" download aria-describedby=\"wp-block-file--media-66ac2c8c-dd7c-477b-aa12-45d5ac0910be\">Herunterladen<\/a><\/div>\n\n\n\n<p><br><strong>Termine Kursbl\u00f6cke:<\/strong><br><strong>Block 1: 28.10.2024 \u2013 28.02.2025 Block 2: 05.03.2025 \u2013 11.07.2025<\/strong><\/p>\n","protected":false},"excerpt":{"rendered":"<p>Unser vielf\u00e4ltiges Kursprogramm ist fester Bestandteil der offenen Ganztagsgrundschule. Die Kinder haben immer vor den Herbstferien die M\u00f6glichkeit aus einem abwechslungsreichen Kursprogramm 2 Kurse zu w\u00e4hlen. Die Kurse finden dann &hellip; <\/p>\n<p class=\"link-more\"><a href=\"http:\/\/www.grundschule-brander-feld.de\/index.php\/kurse-in-der-ogs\/\" class=\"more-link\"><span class=\"screen-reader-text\">\u201eKurse in der OGS\u201c<\/span> weiterlesen<\/a><\/p>\n","protected":false},"author":2,"featured_media":0,"parent":0,"menu_order":0,"comment_status":"closed","ping_status":"closed","template":"","meta":{"_EventAllDay":false,"_EventTimezone":"","_EventStartDate":"","_EventEndDate":"","_EventStartDateUTC":"","_EventEndDateUTC":"","_EventShowMap":false,"_EventShowMapLink":false,"_EventURL":"","_EventCost":"","_EventCostDescription":"","_EventCurrencySymbol":"","_EventCurrencyCode":"","_EventCurrencyPosition":"","_EventDateTimeSeparator":"","_EventTimeRangeSeparator":"","_EventOrganizerID":[],"_EventVenueID":[],"_OrganizerEmail":"","_OrganizerPhone":"","_OrganizerWebsite":"","_VenueAddress":"","_VenueCity":"","_VenueCountry":"","_VenueProvince":"","_VenueState":"","_VenueZip":"","_VenuePhone":"","_VenueURL":"","_VenueStateProvince":"","_VenueLat":"","_VenueLng":"","_VenueShowMap":false,"_VenueShowMapLink":false,"footnotes":""},"class_list":["post-1923","page","type-page","status-publish","hentry"],"_links":{"self":[{"href":"http:\/\/www.grundschule-brander-feld.de\/index.php\/wp-json\/wp\/v2\/pages\/1923","targetHints":{"allow":["GET"]}}],"collection":[{"href":"http:\/\/www.grundschule-brander-feld.de\/index.php\/wp-json\/wp\/v2\/pages"}],"about":[{"href":"http:\/\/www.grundschule-brander-feld.de\/index.php\/wp-json\/wp\/v2\/types\/page"}],"author":[{"embeddable":true,"href":"http:\/\/www.grundschule-brander-feld.de\/index.php\/wp-json\/wp\/v2\/users\/2"}],"replies":[{"embeddable":true,"href":"http:\/\/www.grundschule-brander-feld.de\/index.php\/wp-json\/wp\/v2\/comments?post=1923"}],"version-history":[{"count":6,"href":"http:\/\/www.grundschule-brander-feld.de\/index.php\/wp-json\/wp\/v2\/pages\/1923\/revisions"}],"predecessor-version":[{"id":1998,"href":"http:\/\/www.grundschule-brander-feld.de\/index.php\/wp-json\/wp\/v2\/pages\/1923\/revisions\/1998"}],"wp:attachment":[{"href":"http:\/\/www.grundschule-brander-feld.de\/index.php\/wp-json\/wp\/v2\/media?parent=1923"}],"curies":[{"name":"wp","href":"https:\/\/api.w.org\/{rel}","templated":true}]}}