{"id":157,"date":"2019-09-18T20:47:33","date_gmt":"2019-09-18T18:47:33","guid":{"rendered":"http:\/\/wordpress.grundschule-brander-feld.de\/?page_id=157"},"modified":"2025-03-16T21:08:35","modified_gmt":"2025-03-16T20:08:35","slug":"ogs","status":"publish","type":"page","link":"http:\/\/www.grundschule-brander-feld.de\/index.php\/schule\/team\/ogs\/","title":{"rendered":"OGS-Team"},"content":{"rendered":"\n<div class=\"wp-block-columns has-2-columns is-layout-flex wp-container-core-columns-is-layout-9d6595d7 wp-block-columns-is-layout-flex\">\n<div class=\"wp-block-column is-layout-flow wp-block-column-is-layout-flow\">\n<h2 class=\"wp-block-heading\" id=\"leitung\">Leitung<\/h2>\n\n\n\n<p>Andrea Mathey<\/p>\n<\/div>\n\n\n\n<div class=\"wp-block-column is-layout-flow wp-block-column-is-layout-flow\">\n<h2 class=\"wp-block-heading\" id=\"stellvertretende-leitung\">Stellvertretende Leitung<\/h2>\n\n\n\n<p>Heike Schneider<\/p>\n<\/div>\n<\/div>\n\n\n\n<figure class=\"wp-block-image size-full\"><img loading=\"lazy\" decoding=\"async\" width=\"2560\" height=\"2560\" src=\"https:\/\/www.grundschule-brander-feld.de\/wp-content\/uploads\/2024\/12\/2.-Foto-AndreaHeike-scaled.jpg\" alt=\"\" class=\"wp-image-1945\" srcset=\"http:\/\/www.grundschule-brander-feld.de\/wp-content\/uploads\/2024\/12\/2.-Foto-AndreaHeike-scaled.jpg 2560w, http:\/\/www.grundschule-brander-feld.de\/wp-content\/uploads\/2024\/12\/2.-Foto-AndreaHeike-300x300.jpg 300w, http:\/\/www.grundschule-brander-feld.de\/wp-content\/uploads\/2024\/12\/2.-Foto-AndreaHeike-1024x1024.jpg 1024w, http:\/\/www.grundschule-brander-feld.de\/wp-content\/uploads\/2024\/12\/2.-Foto-AndreaHeike-150x150.jpg 150w, http:\/\/www.grundschule-brander-feld.de\/wp-content\/uploads\/2024\/12\/2.-Foto-AndreaHeike-768x768.jpg 768w, http:\/\/www.grundschule-brander-feld.de\/wp-content\/uploads\/2024\/12\/2.-Foto-AndreaHeike-1536x1536.jpg 1536w, http:\/\/www.grundschule-brander-feld.de\/wp-content\/uploads\/2024\/12\/2.-Foto-AndreaHeike-2048x2048.jpg 2048w, http:\/\/www.grundschule-brander-feld.de\/wp-content\/uploads\/2024\/12\/2.-Foto-AndreaHeike-100x100.jpg 100w\" sizes=\"auto, (max-width: 767px) 89vw, (max-width: 1000px) 54vw, (max-width: 1071px) 543px, 580px\" \/><\/figure>\n\n\n\n<p><\/p>\n\n\n\n<p>Zum Team der OGS geh\u00f6ren 11 weitere p\u00e4dagogische Mitarbeiter, sowie eine<br>K\u00fcchenkraft und eine Teilnehmerin des freiwilligen sozialen Jahres.<\/p>\n\n\n\n<p><\/p>\n\n\n\n<p>Die OGS-Mitarbeiter arbeiten im Schulteam im Tandem mit den Lehrkr\u00e4ften:<\/p>\n\n\n\n<p>1a Andrea Mathey<br>1b Tabea Pelzer<br>1c Agi Wernerus und Heike Schneider<br>2a Nikolas Mitrolidis<br>2b Berin Colak<br>3a Birgit Kohler<br>3b Kerstin Eckervogt und Richard Marx<br>4a Clara Jeiter<br>4b B\u00e4rbel Meyer<\/p>\n\n\n\n<figure class=\"wp-block-image size-large\"><img loading=\"lazy\" decoding=\"async\" width=\"1024\" height=\"689\" src=\"https:\/\/www.grundschule-brander-feld.de\/wp-content\/uploads\/2025\/03\/Team.OGS_-1024x689.jpg\" alt=\"\" class=\"wp-image-1994\" srcset=\"http:\/\/www.grundschule-brander-feld.de\/wp-content\/uploads\/2025\/03\/Team.OGS_-1024x689.jpg 1024w, http:\/\/www.grundschule-brander-feld.de\/wp-content\/uploads\/2025\/03\/Team.OGS_-300x202.jpg 300w, http:\/\/www.grundschule-brander-feld.de\/wp-content\/uploads\/2025\/03\/Team.OGS_-768x517.jpg 768w, http:\/\/www.grundschule-brander-feld.de\/wp-content\/uploads\/2025\/03\/Team.OGS_-1536x1034.jpg 1536w, http:\/\/www.grundschule-brander-feld.de\/wp-content\/uploads\/2025\/03\/Team.OGS_-2048x1378.jpg 2048w, http:\/\/www.grundschule-brander-feld.de\/wp-content\/uploads\/2025\/03\/Team.OGS_-272x182.jpg 272w\" sizes=\"auto, (max-width: 767px) 89vw, (max-width: 1000px) 54vw, (max-width: 1071px) 543px, 580px\" \/><\/figure>\n","protected":false},"excerpt":{"rendered":"<p>Leitung Andrea Mathey Stellvertretende Leitung Heike Schneider Zum Team der OGS geh\u00f6ren 11 weitere p\u00e4dagogische Mitarbeiter, sowie eineK\u00fcchenkraft und eine Teilnehmerin des freiwilligen sozialen Jahres. Die OGS-Mitarbeiter arbeiten im Schulteam &hellip; <\/p>\n<p class=\"link-more\"><a href=\"http:\/\/www.grundschule-brander-feld.de\/index.php\/schule\/team\/ogs\/\" class=\"more-link\"><span class=\"screen-reader-text\">\u201eOGS-Team\u201c<\/span> weiterlesen<\/a><\/p>\n","protected":false},"author":2,"featured_media":0,"parent":80,"menu_order":0,"comment_status":"closed","ping_status":"closed","template":"","meta":{"_EventAllDay":false,"_EventTimezone":"","_EventStartDate":"","_EventEndDate":"","_EventStartDateUTC":"","_EventEndDateUTC":"","_EventShowMap":false,"_EventShowMapLink":false,"_EventURL":"","_EventCost":"","_EventCostDescription":"","_EventCurrencySymbol":"","_EventCurrencyCode":"","_EventCurrencyPosition":"","_EventDateTimeSeparator":"","_EventTimeRangeSeparator":"","_EventOrganizerID":[],"_EventVenueID":[],"_OrganizerEmail":"","_OrganizerPhone":"","_OrganizerWebsite":"","_VenueAddress":"","_VenueCity":"","_VenueCountry":"","_VenueProvince":"","_VenueState":"","_VenueZip":"","_VenuePhone":"","_VenueURL":"","_VenueStateProvince":"","_VenueLat":"","_VenueLng":"","_VenueShowMap":false,"_VenueShowMapLink":false,"footnotes":""},"class_list":["post-157","page","type-page","status-publish","hentry"],"_links":{"self":[{"href":"http:\/\/www.grundschule-brander-feld.de\/index.php\/wp-json\/wp\/v2\/pages\/157","targetHints":{"allow":["GET"]}}],"collection":[{"href":"http:\/\/www.grundschule-brander-feld.de\/index.php\/wp-json\/wp\/v2\/pages"}],"about":[{"href":"http:\/\/www.grundschule-brander-feld.de\/index.php\/wp-json\/wp\/v2\/types\/page"}],"author":[{"embeddable":true,"href":"http:\/\/www.grundschule-brander-feld.de\/index.php\/wp-json\/wp\/v2\/users\/2"}],"replies":[{"embeddable":true,"href":"http:\/\/www.grundschule-brander-feld.de\/index.php\/wp-json\/wp\/v2\/comments?post=157"}],"version-history":[{"count":10,"href":"http:\/\/www.grundschule-brander-feld.de\/index.php\/wp-json\/wp\/v2\/pages\/157\/revisions"}],"predecessor-version":[{"id":1995,"href":"http:\/\/www.grundschule-brander-feld.de\/index.php\/wp-json\/wp\/v2\/pages\/157\/revisions\/1995"}],"up":[{"embeddable":true,"href":"http:\/\/www.grundschule-brander-feld.de\/index.php\/wp-json\/wp\/v2\/pages\/80"}],"wp:attachment":[{"href":"http:\/\/www.grundschule-brander-feld.de\/index.php\/wp-json\/wp\/v2\/media?parent=157"}],"curies":[{"name":"wp","href":"https:\/\/api.w.org\/{rel}","templated":true}]}}